{"id":272,"date":"2024-06-20T01:48:48","date_gmt":"2024-06-20T06:48:48","guid":{"rendered":"https:\/\/clubkanoa.com\/?page_id=272"},"modified":"2024-09-05T22:31:30","modified_gmt":"2024-09-06T03:31:30","slug":"ping-pong","status":"publish","type":"page","link":"https:\/\/clubkanoa.com\/index.php\/ping-pong\/","title":{"rendered":"PING PONG"},"content":{"rendered":"\n<p class=\"has-text-align-center\">El evento \u00abMEcano Sports Ping Pong World Cup presented by Caliente.Mx\u00bb se llev\u00f3 a cabo del 4 al 6 de enero de 2024 en el Front\u00f3n M\u00e9xico, contando con la participaci\u00f3n de m\u00e1s de 80 jugadores provenientes de diversas partes del mundo. Este torneo destac\u00f3 por sus modalidades de juego: sandpaper, hard bat y wood.<\/p>\n\n\n\n<p class=\"has-text-align-center\">Durante el torneo, se vivieron intensas competencias en cada una de las modalidades. La categor\u00eda principal, sandpaper vio una serie de emocionantes partidos, destac\u00e1ndose la capacidad t\u00e9cnica y la agilidad de los jugadores en manejar las raquetas con recubrimiento de lija. China logr\u00f3 levantar el trofeo en ambas categor\u00edas, tanto femenil como varonil. En la modalidad de hard bat, los partidos fueron igualmente desafiantes, con jugadores demostrando gran habilidad en el control y precisi\u00f3n de sus golpes. La modalidad wood tambi\u00e9n ofreci\u00f3 un espect\u00e1culo \u00fanico, resaltando la destreza y la t\u00e9cnica tradicional del ping pong, en donde la delegaci\u00f3n brasile\u00f1a, sobresali\u00f3 en la competencia.&nbsp;<\/p>\n\n\n\n<figure class=\"wp-block-gallery has-nested-images columns-default is-cropped wp-block-gallery-1 is-layout-flex wp-block-gallery-is-layout-flex\">\n<figure class=\"wp-block-image size-large\"><img fetchpriority=\"high\" decoding=\"async\" width=\"1024\" height=\"912\" data-id=\"583\" src=\"https:\/\/clubkanoa.com\/wp-content\/uploads\/2024\/09\/7fdd4f20-84c3-419f-ad8a-f09ffc744c92-1024x912.jpg\" alt=\"\" class=\"wp-image-583\" srcset=\"https:\/\/clubkanoa.com\/wp-content\/uploads\/2024\/09\/7fdd4f20-84c3-419f-ad8a-f09ffc744c92-1024x912.jpg 1024w, https:\/\/clubkanoa.com\/wp-content\/uploads\/2024\/09\/7fdd4f20-84c3-419f-ad8a-f09ffc744c92-300x267.jpg 300w, https:\/\/clubkanoa.com\/wp-content\/uploads\/2024\/09\/7fdd4f20-84c3-419f-ad8a-f09ffc744c92-768x684.jpg 768w, https:\/\/clubkanoa.com\/wp-content\/uploads\/2024\/09\/7fdd4f20-84c3-419f-ad8a-f09ffc744c92.jpg 1080w\" sizes=\"(max-width: 1024px) 100vw, 1024px\" \/><\/figure>\n\n\n\n<figure class=\"wp-block-image size-large\"><img decoding=\"async\" width=\"1024\" height=\"893\" data-id=\"584\" src=\"https:\/\/clubkanoa.com\/wp-content\/uploads\/2024\/09\/20c92a89-e4d3-4448-9d83-a27a148615d5-1024x893.jpg\" alt=\"\" class=\"wp-image-584\" srcset=\"https:\/\/clubkanoa.com\/wp-content\/uploads\/2024\/09\/20c92a89-e4d3-4448-9d83-a27a148615d5-1024x893.jpg 1024w, https:\/\/clubkanoa.com\/wp-content\/uploads\/2024\/09\/20c92a89-e4d3-4448-9d83-a27a148615d5-300x262.jpg 300w, https:\/\/clubkanoa.com\/wp-content\/uploads\/2024\/09\/20c92a89-e4d3-4448-9d83-a27a148615d5-768x670.jpg 768w, https:\/\/clubkanoa.com\/wp-content\/uploads\/2024\/09\/20c92a89-e4d3-4448-9d83-a27a148615d5.jpg 1080w\" sizes=\"(max-width: 1024px) 100vw, 1024px\" \/><\/figure>\n\n\n\n<figure class=\"wp-block-image size-large\"><img decoding=\"async\" width=\"1024\" height=\"1024\" data-id=\"585\" src=\"https:\/\/clubkanoa.com\/wp-content\/uploads\/2024\/09\/84759431-b9c9-4859-8de7-d1037bac3d4b-1024x1024.jpg\" alt=\"\" class=\"wp-image-585\" srcset=\"https:\/\/clubkanoa.com\/wp-content\/uploads\/2024\/09\/84759431-b9c9-4859-8de7-d1037bac3d4b-1024x1024.jpg 1024w, https:\/\/clubkanoa.com\/wp-content\/uploads\/2024\/09\/84759431-b9c9-4859-8de7-d1037bac3d4b-300x300.jpg 300w, https:\/\/clubkanoa.com\/wp-content\/uploads\/2024\/09\/84759431-b9c9-4859-8de7-d1037bac3d4b-150x150.jpg 150w, https:\/\/clubkanoa.com\/wp-content\/uploads\/2024\/09\/84759431-b9c9-4859-8de7-d1037bac3d4b-768x768.jpg 768w, https:\/\/clubkanoa.com\/wp-content\/uploads\/2024\/09\/84759431-b9c9-4859-8de7-d1037bac3d4b.jpg 1280w\" sizes=\"(max-width: 1024px) 100vw, 1024px\" \/><\/figure>\n<\/figure>\n\n\n\n<p class=\"has-text-align-center\">El evento no solo atrajo a jugadores de alto nivel, sino que tambi\u00e9n ofreci\u00f3 una experiencia completa para los espectadores, quienes pudieron disfrutar de la emoci\u00f3n y la competitividad de un torneo de ping pong de clase mundial en un ambiente vibrante y lleno de energ\u00eda. Adem\u00e1s, el torneo cont\u00f3 con actividades y exhibiciones que permitieron a los asistentes involucrarse m\u00e1s en el deporte y conocer a los jugadores.<\/p>\n\n\n\n<p class=\"has-text-align-center\">Este torneo consolid\u00f3 su lugar como el mejor y m\u00e1s importante evento de ping pong del planeta. Destacando la pasi\u00f3n y el compromiso de los organizadores y participantes para promover y celebrar este deporte a nivel internacional\u200b.<\/p>\n","protected":false},"excerpt":{"rendered":"<p>El evento \u00abMEcano Sports Ping Pong World Cup presented by Caliente.Mx\u00bb se llev\u00f3 a cabo del 4 al 6 de enero de 2024 en el Front\u00f3n<\/p>\n","protected":false},"author":1,"featured_media":462,"parent":0,"menu_order":0,"comment_status":"closed","ping_status":"closed","template":"","meta":{"footnotes":""},"class_list":["post-272","page","type-page","status-publish","has-post-thumbnail","hentry"],"_links":{"self":[{"href":"https:\/\/clubkanoa.com\/index.php\/wp-json\/wp\/v2\/pages\/272","targetHints":{"allow":["GET"]}}],"collection":[{"href":"https:\/\/clubkanoa.com\/index.php\/wp-json\/wp\/v2\/pages"}],"about":[{"href":"https:\/\/clubkanoa.com\/index.php\/wp-json\/wp\/v2\/types\/page"}],"author":[{"embeddable":true,"href":"https:\/\/clubkanoa.com\/index.php\/wp-json\/wp\/v2\/users\/1"}],"replies":[{"embeddable":true,"href":"https:\/\/clubkanoa.com\/index.php\/wp-json\/wp\/v2\/comments?post=272"}],"version-history":[{"count":4,"href":"https:\/\/clubkanoa.com\/index.php\/wp-json\/wp\/v2\/pages\/272\/revisions"}],"predecessor-version":[{"id":587,"href":"https:\/\/clubkanoa.com\/index.php\/wp-json\/wp\/v2\/pages\/272\/revisions\/587"}],"wp:featuredmedia":[{"embeddable":true,"href":"https:\/\/clubkanoa.com\/index.php\/wp-json\/wp\/v2\/media\/462"}],"wp:attachment":[{"href":"https:\/\/clubkanoa.com\/index.php\/wp-json\/wp\/v2\/media?parent=272"}],"curies":[{"name":"wp","href":"https:\/\/api.w.org\/{rel}","templated":true}]}}